{"id":4345,"date":"2026-04-21T16:52:59","date_gmt":"2026-04-21T13:52:59","guid":{"rendered":"https:\/\/logistics.eu\/"},"modified":"2026-04-21T17:08:58","modified_gmt":"2026-04-21T14:08:58","slug":"kvkk-aydinlatma-metni","status":"publish","type":"page","link":"https:\/\/logistics.eu\/en\/kvkk-aydinlatma-metni\/","title":{"rendered":"Personal Data Protection Law (KVKK) Inf. Notice"},"content":{"rendered":"<section data-bb-version=\"5.2.8\" id=\"bt_bb_section69eb72b9aa79a\" class=\"bt_bb_section bt_bb_layout_boxed_1200 bt_bb_vertical_align_top bt_bb_background_overlay_light_bottom_gradient bt_bb_top_spacing_large bt_bb_bottom_spacing_medium bt_bb_negative_margin_none\"  data-bt-override-class=\"{&quot;bt_bb_top_spacing_&quot;:{&quot;current_class&quot;:&quot;bt_bb_top_spacing_large&quot;,&quot;def&quot;:&quot;large&quot;},&quot;bt_bb_bottom_spacing_&quot;:{&quot;current_class&quot;:&quot;bt_bb_bottom_spacing_medium&quot;,&quot;def&quot;:&quot;medium&quot;},&quot;bt_bb_negative_margin_&quot;:{&quot;current_class&quot;:&quot;bt_bb_negative_margin_none&quot;,&quot;def&quot;:&quot;none&quot;},&quot;bt_bb_animation_&quot;:{&quot;current_class&quot;:&quot;bt_bb_animation_no_animation&quot;,&quot;def&quot;:&quot;no_animation&quot;}}\"><div class=\"bt_bb_port\"><div class=\"bt_bb_cell\"><div class=\"bt_bb_cell_inner\"><div class=\"bt_bb_row\"  data-bt-override-class=\"{}\"><div class=\"bt_bb_row_holder\" ><div data-bb-version=\"5.2.8\"  class=\"bt_bb_column col-xxl-12 col-xl-12 col-xs-12 col-sm-12 col-md-12 col-lg-12 bt_bb_vertical_align_top bt_bb_align_center bt_bb_padding_none\" style=\"; --column-width:12;\" data-width=\"12\" data-bt-override-class=\"{&quot;bt_bb_align_&quot;:{&quot;current_class&quot;:&quot;bt_bb_align_center&quot;,&quot;def&quot;:&quot;center&quot;},&quot;bt_bb_padding_&quot;:{&quot;current_class&quot;:&quot;bt_bb_padding_none&quot;,&quot;def&quot;:&quot;none&quot;},&quot;bt_bb_animation_&quot;:{&quot;current_class&quot;:&quot;bt_bb_animation_no_animation&quot;,&quot;def&quot;:&quot;no_animation&quot;}}\"><div class=\"bt_bb_column_content\"><div class=\"bt_bb_column_content_inner\"><header data-bb-version=\"5.7.2\" class=\"bt_bb_headline bt_bb_dash_none bt_bb_superheadline bt_bb_superheadline_outside bt_bb_size_medium bt_bb_align_inherit\" data-bt-override-class=\"{&quot;bt_bb_size_&quot;:{&quot;current_class&quot;:&quot;bt_bb_size_medium&quot;,&quot;def&quot;:&quot;medium&quot;},&quot;bt_bb_align_&quot;:{&quot;current_class&quot;:&quot;bt_bb_align_inherit&quot;,&quot;def&quot;:&quot;inherit&quot;},&quot;bt_bb_animation_&quot;:{&quot;current_class&quot;:&quot;bt_bb_animation_no_animation&quot;,&quot;def&quot;:&quot;no_animation&quot;}}\"><div class=\"bt_bb_headline_superheadline_outside\"><span class=\"bt_bb_headline_superheadline\">6698 SAYILI K\u0130\u015e\u0130SEL VER\u0130LER\u0130N KORUNMASI KANUNU <\/span><\/div><h4 class=\"bt_bb_headline_tag\"><span class=\"bt_bb_headline_content\"><span>\u0130nternet Sitesi Ziyaret\u00e7ileri \u0130\u00e7in Ayd\u0131nlatma Metni<\/span><\/span><\/h4><\/header><div data-bb-version=\"4.9.1\"  class=\"bt_bb_text\" ><\/p>\n<p style=\"text-align: left;\"><em><strong>Say\u0131n \u00dcye\/\u0130lgili Ki\u015fi;<\/strong><\/em><\/p>\n<p style=\"text-align: left;\">6698 say\u0131l\u0131 Ki\u015fisel Verilerin Korunmas\u0131 Kanunu (\u201cKanun\u201d) uyar\u0131nca veri sorumlusu s\u0131fat\u0131n\u0131 ta\u015f\u0131yan \u201cTepecik Mah. Ku\u015fadas\u0131 Cad. No: 79b Seferihisar \/ \u0130zmir\u201d adresinde kain U LOJ\u0130ST\u0130K ANON\u0130M \u015e\u0130RKET\u0130 (\u201cU Lojistik\u201d) taraf\u0131ndan i\u015flenmektedir.<\/p>\n<p style=\"text-align: left;\"><strong>Veri Sorumlusunun Kimli\u011fi<\/strong><br \/>U LOJ\u0130ST\u0130K ANON\u0130M \u015e\u0130RKET\u0130 <br \/>Tepecik Mah. Ku\u015fadas\u0131 Cad. No: 79b Seferihisar \/ \u0130zmir<\/p>\n<p style=\"text-align: left;\"><strong>Ki\u015fisel Verilerinizin Toplanma Y\u00f6ntemi ve Hukuki Sebebi<\/strong><\/p>\n<p style=\"text-align: left;\">Ki\u015fisel verileriniz, otomatik ya da otomatik olmayan y\u00f6ntemlerle, Firman\u0131n ba\u011fl\u0131 birimleri, internet sitesi, sosyal medya mecralar\u0131, \u00e7a\u011fr\u0131 merkezi, mobil uygulamalar ve benzeri vas\u0131talarla s\u00f6zl\u00fc, yaz\u0131l\u0131 ya da elektronik olarak toplanabilecektir. Ki\u015fisel verileriniz, Firma ile ili\u015fkiniz devam etti\u011fi m\u00fcddet\u00e7e olu\u015fturularak ve g\u00fcncellenerek i\u015flenebilecek ve hem dijital hem de fiziki ortamda muhafaza alt\u0131nda tutulabilecektir.<\/p>\n<p style=\"text-align: left;\">\u0130\u015flenen \u201cKi\u015fisel Verileriniz ve \u0130\u015flenme Ama\u00e7lar\u0131\u201d ba\u015fl\u0131\u011f\u0131nda yer alan ama\u00e7lar do\u011frultusunda ve 6698 say\u0131l\u0131 Kanun\u2019un 5. maddesi 1. f\u0131kras\u0131 kapsam\u0131nda a\u00e7\u0131k r\u0131za \u015fart\u0131n\u0131n sa\u011flanmas\u0131 veya 5. maddenin 2. f\u0131kras\u0131 uyar\u0131nca \u201c\u00e7, e ve f\u201d bentlerinde belirtilen ki\u015fisel veri i\u015fleme \u015fartlar\u0131 ve ama\u00e7lar\u0131 kapsam\u0131nda i\u015flenebilmekte ve aktar\u0131labilmektedir.<\/p>\n<p style=\"text-align: left;\"><strong>\u0130\u015flenen Ki\u015fisel Verileriniz ve \u0130\u015flenme Ama\u00e7lar\u0131<\/strong><\/p>\n<p style=\"text-align: left;\">Ki\u015fisel Verileriniz yasal y\u00fck\u00fcml\u00fcl\u00fckler gere\u011fi veya firma i\u015f ve i\u015flemlerinde daha uygun bir hizmet verebilmek amac\u0131yla g\u00fcvenli bir \u015fekilde Ki\u015fisel Verilerin Korunmas\u0131 Kanunu\u2019na uygun bir \u015fekilde i\u015flenmektedir.<\/p>\n<p style=\"text-align: left;\">Bu kapsamda ki\u015fisel veri olarak a\u015fa\u011f\u0131da yer alan veriler toplanmaktad\u0131r:<\/p>\n<p style=\"text-align: left;\">Yaln\u0131zca siteyi ziyaret etmeniz durumunda;<br \/><strong>\u2022 \u0130\u015flem G\u00fcvenli\u011fi Verisi:<\/strong> Ki\u015fiye ait bilgilerin i\u015flenmesi sonucu olu\u015fan dijital izlerin bulundu\u011fu veri grubudur (IP adresi bilgileri, \u0130nternet sitesi giri\u015f \u00e7\u0131k\u0131\u015f bilgileri).<br \/>\u0130leti\u015fim b\u00f6l\u00fcm\u00fc \u00fczerinden taraf\u0131m\u0131z ile ileti\u015fime ge\u00e7meniz durumunda;<br \/><strong>\u2022 \u0130leti\u015fim Verisi:<\/strong> Ki\u015fiye ula\u015fmak i\u00e7in kullan\u0131labilecek veri grubudur (Telefon, adres, e-posta, IP adresi).<br \/><strong>\u2022 Kimlik Verisi:<\/strong> Ki\u015fi kimli\u011fine dair bilgilerin bulundu\u011fu veri grubudur (Ad soyad).<br \/>Sitemizde yay\u0131nlanan a\u00e7\u0131k pozisyonlar i\u00e7in i\u015f ba\u015fvuru formu yer almakta olup \u00e7al\u0131\u015fan adaylar\u0131ndan ileti\u015fim verisi, kimlik verisi, mesleki deneyim verisi, e\u011fitim verisi ile askerlik ve aile bilgisi i\u00e7eren di\u011fer veriler toplanmaktad\u0131r. Bu kapsamda detayl\u0131 bilgiye \u00e7al\u0131\u015fan adaylar\u0131 i\u00e7in haz\u0131rlanan ayd\u0131nlatma metninden ula\u015fabilirsiniz.<\/p>\n<p style=\"text-align: left;\"><strong>Toplanan ki\u015fisel verileriniz;<\/strong><\/p>\n<p style=\"text-align: left;\">\u2022 Firma ile ili\u015fkisi olan ger\u00e7ek veya t\u00fczel \u00fc\u00e7\u00fcnc\u00fc ki\u015fi, kurum ve kurulu\u015flar\u0131n (\u00e7al\u0131\u015fanlar, ziyaret\u00e7iler, tedarik\u00e7iler, i\u015f ortaklar\u0131 vb.) Firmam\u0131z ve Firmam\u0131za ba\u011fl\u0131 Merkez ve birimlerinin \u00fcr\u00fcn ve hizmetlerinden yararlanabilmeleri i\u00e7in gerekli \u00e7al\u0131\u015fmalar\u0131n ilgili i\u015f birimlerimiz taraf\u0131ndan yap\u0131labilmesi,<br \/>\u2022 \u0130lgili t\u00fcm kanunlardan ve ikincil d\u00fczenlemelerden do\u011fan\/do\u011fabilecek yasal ve d\u00fczenleyici gereksinimlerin yerine getirilmesi ve bu kapsamda gerekli tedbirlerin al\u0131nabilmesi,<br \/>\u2022 G\u00f6revli ve yetkili kamu kurum ve kurulu\u015flar\u0131 ile kamu kurumu niteli\u011findeki meslek kurulu\u015flar\u0131nca yap\u0131lacak denetleme ve d\u00fczenleme g\u00f6revlerinin y\u00fcr\u00fct\u00fclmesi,<br \/>\u2022 Yarg\u0131 organlar\u0131n\u0131n ve idari makamlar\u0131n istedi\u011fi bilgi ve belge taleplerinin yerine getirilmesi,<br \/>\u2022 Firmam\u0131z ve firmaya ba\u011fl\u0131 t\u00fcm merkez ve birimlerde sunulan \u00fcr\u00fcn ve hizmetlerin kullan\u0131m \u015fekline ili\u015fkin listeleme, raporlama, do\u011frulama analiz \u00e7al\u0131\u015fmas\u0131 yapmak, bu hususta istatistiki ve bilimsel bilgiler \u00fcretmek, buna ba\u011fl\u0131 olarak \u00fcr\u00fcn ve hizmetlerimizi geli\u015ftirmek, \u00fcr\u00fcn ve hizmetlerimize ili\u015fkin memnuniyeti artt\u0131rmak ve bu kapsamda kullan\u0131c\u0131ya ili\u015fkin \u00f6zelle\u015ftirmelerde bulunmak,<br \/>\u2022 \u00dcr\u00fcn ve hizmetlerimize ili\u015fkin, pazar ara\u015ft\u0131rmas\u0131, tan\u0131t\u0131m ve gerekli bilgilendirmeyi yapabilmek, \u015fik\u00e2yet ve \u00f6nerileri de\u011ferlendirebilmek ve Firma ile payla\u015f\u0131lan ileti\u015fim kanallar\u0131 \u00fczerinden do\u011frudan sizinle irtibata ge\u00e7ebilmek,<br \/>\u2022 Veri g\u00fcvenli\u011fi kapsam\u0131nda, sistem ve uygulamalar i\u00e7in gerekli t\u00fcm teknik ve idari tedbirlerin al\u0131nmas\u0131<br \/>ama\u00e7lar\u0131yla, 6698 say\u0131l\u0131 Kanun\u2019un 5. ve 6. maddelerinde belirtilen ki\u015fisel veri i\u015fleme \u015fartlar\u0131 ve ama\u00e7lar\u0131 d\u00e2hilinde i\u015flenecektir.<\/p>\n<p style=\"text-align: left;\"><strong>\u0130\u015flenen Ki\u015fisel Verilerinizin Kimlere ve Hangi Ama\u00e7larla Aktar\u0131labilece\u011fi<\/strong><\/p>\n<p style=\"text-align: left;\">KVKK ve ilgili mevzuat uyar\u0131nca uygun g\u00fcvenlik d\u00fczeyini temin etmeye y\u00f6nelik gerekli her t\u00fcrl\u00fc teknik ve idari tedbirlerin al\u0131nmas\u0131n\u0131 sa\u011flayarak, Ki\u015fisel Veri\/Ki\u015fisel Verilerinizi yukar\u0131da belirtilen ama\u00e7lar do\u011frultusunda;<\/p>\n<p style=\"text-align: left;\">\u2022 \u0130lgili di\u011fer mevzuat h\u00fck\u00fcmlerinin izin verdi\u011fi ki\u015fi\/kurum ve\/veya kurulu\u015flar, <br \/>\u2022 Hukuki i\u015flerin takibi amac\u0131yla avukatlar veya avukatl\u0131k ortakl\u0131klar\u0131,<br \/>\u2022 Finans ve muhasebe i\u015flemlerinin y\u00fcr\u00fct\u00fclmesi amac\u0131yla mali m\u00fc\u015favirler,<br \/>\u2022 Do\u011frudan\/dolayl\u0131 yurti\u00e7i\/yurtd\u0131\u015f\u0131 hissedarlar\u0131m\u0131z,<br \/>\u2022 \u00d6zel sigorta \u015firketleri, bankalar, sand\u0131klar, vak\u0131flar,<br \/>\u2022 Ba\u011fl\u0131 ortakl\u0131klar\u0131m\u0131z ve\/veya i\u015ftiraklerimiz,<br \/>\u2022 Dan\u0131\u015fmanlar,<br \/>\u2022 \u0130\u015f Ortaklar\u0131 ve Grup \u015eirketler (U\u00e7ak Karde\u015fler G\u0131da Anonim \u015eirketi, U\u00e7ak Karde\u015fler Akaryak\u0131t ve Dinlenme Tesisleri Limited \u015eirketi ve Di\u011fer Grup \u015eirketleri) <br \/>\u2022 Faaliyetlerimizi y\u00fcr\u00fctmek \u00fczere s\u00f6zle\u015fmesel olarak hizmet ald\u0131\u011f\u0131m\u0131z ve\/veya hizmet verdi\u011fimiz, i\u015f birli\u011fi yapt\u0131\u011f\u0131m\u0131z, yurt i\u00e7i\/yurt d\u0131\u015f\u0131 kurulu\u015flara<br \/>KVK Kanunu\u2019nun 8. maddesine g\u00f6re KVKK\u2018nin 5\u2018inci maddesinin ikinci f\u0131kras\u0131nda, yer alan \u015fartlardan birinin varl\u0131\u011f\u0131 halinde ve 9. maddelerinde belirtilen ki\u015fisel veri i\u015fleme \u015fartlar\u0131 ve ama\u00e7lar\u0131 \u00e7er\u00e7evesinde a\u00e7\u0131k r\u0131za \u015fart\u0131n\u0131n sa\u011flanmas\u0131 ile aktar\u0131labilecektir.<\/p>\n<p style=\"text-align: left;\"><strong>Veri \u0130\u015fleme S\u00fcresi ve Muhafaza S\u00fcresi<\/strong><\/p>\n<p style=\"text-align: left;\">Ki\u015fisel verileriniz, i\u015fbu Ayd\u0131nlatma Metninde belirtilen ama\u00e7larla s\u0131n\u0131rl\u0131 olmak \u00fczere; Firmam\u0131z ve Firmam\u0131za ba\u011fl\u0131 merkez ve birimlerinin tabi oldu\u011fu, ilgili t\u00fcm kanun ve sair yasal mevzuatta yer alan veri i\u015fleme ve zamana\u015f\u0131m\u0131 s\u00fcrelerine riayet edilerek i\u015flenecektir. Kanunlarda veri i\u015fleme s\u00fcrelerine ili\u015fkin de\u011fi\u015fiklik yap\u0131lmas\u0131 halinde, belirlenen yeni s\u00fcreler esas al\u0131nacakt\u0131r.<br \/>Ki\u015fisel verileriniz, ama\u00e7la s\u0131n\u0131rl\u0131l\u0131k ilkesinin bir gere\u011fi olarak i\u015fbu Ayd\u0131nlatma Metninde a\u00e7\u0131klanan ama\u00e7lar\u0131n yerine getirilmesi ve her hal\u00fck\u00e2rda Firma uygulamalar\u0131 ve ticari ya\u015fam\u0131n\u0131n team\u00fclleri uyar\u0131nca i\u015flenmesini gerektiren s\u00fcre ile s\u0131n\u0131rl\u0131 olarak i\u015flenmekte, s\u00fcrelerin dolmas\u0131 ard\u0131ndan ise silinmekte, yok edilmekte veya anonim hale getirilmektedir. Bu kapsamda s\u00fcre\u00e7 bazl\u0131 ki\u015fisel verilerin saklama s\u00fcresi a\u015fa\u011f\u0131da belirtilmektedir:<\/p>\n<p style=\"text-align: left;\"><strong>\u0130lgili ki\u015finin Haklar\u0131n\u0131<\/strong><\/p>\n<p style=\"text-align: left;\">Diledi\u011finiz zaman U Lojistik\u2019e ba\u015fvurarak Kanun\u2019un ilgili ki\u015finin haklar\u0131n\u0131 d\u00fczenleyen 11. Maddesinde yer alan haklar\u0131n\u0131z\u0131 kullanmay\u0131 talep edebilirsiniz. Haklar\u0131n\u0131za ve Kanunun uygulanmas\u0131na ili\u015fkin taleplerinizi, https:\/\/ucaklogistic.com\/ adresinden temin edebilece\u011finiz ba\u015fvuru formunu doldurarak \u0131slak imzal\u0131 \u015fekilde \u201cTepecik Mah. Ku\u015fadas\u0131 Cad. No: 79b Seferihisar \/ \u0130zmir\u201d adresine noter kanal\u0131yla, iadeli taahh\u00fctl\u00fc posta yoluyla veya \u015fahsi ba\u015fvurunuzla ya da elektronik ortamda doldurdu\u011funuz ba\u015fvuru formunu mobil imzan\u0131zla, g\u00fcvenli elektronik imzan\u0131zla imzalad\u0131ktan sonra KEP adresinizi veya U Lojistik veri kay\u0131t sisteminde halihaz\u0131rda kay\u0131tl\u0131 olan e-posta adresinizi kullanarak https:\/\/ucaklogistic.com\/ adresine iletebilirsiniz U Lojistik, bu kapsamdaki taleplere yaz\u0131l\u0131 olarak cevap verilecekse, on sayfaya kadar \u00fccret almadan; on sayfan\u0131n \u00fczerindeki her sayfa i\u00e7in 1 T\u00fcrk Liras\u0131 i\u015flem \u00fccreti alarak yan\u0131tland\u0131racakt\u0131r. Ba\u015fvuruya cevab\u0131n CD, flash bellek gibi bir kay\u0131t ortam\u0131nda verilmesi halinde U Lojistik taraf\u0131ndan talep edilebilecek \u00fccret kay\u0131t ortam\u0131n\u0131n maliyetini ge\u00e7emeyecektir.<\/p>\n<p style=\"text-align: left;\">\u0130lgili ki\u015fi olarak sahip oldu\u011funuz ve yukar\u0131da belirtilen haklar\u0131n\u0131z\u0131 kullanmak i\u00e7in yapaca\u011f\u0131n\u0131z ve kullanmay\u0131 talep etti\u011finiz hakka ili\u015fkin a\u00e7\u0131klamalar\u0131n\u0131z\u0131 i\u00e7eren ba\u015fvuruda; talep etti\u011finiz hususun a\u00e7\u0131k ve anla\u015f\u0131l\u0131r olmas\u0131, talep etti\u011finiz konunun \u015fahs\u0131n\u0131z ile ilgili olmas\u0131 veya ba\u015fkas\u0131 ad\u0131na hareket ediyor iseniz bu konuda noter taraf\u0131ndan tasdiklenmi\u015f \u00f6zel vek\u00e2letnamenizi ibraz etmeniz gerekecektir. Ba\u015fvurular\u0131n\u0131zda, ad-soyad, imza, T.C. kimlik numaras\u0131, ikamet veya i\u015fyeri adresi, e-posta adresi, telefon ve faks numaras\u0131, talep konusu unsurlar\u0131n\u0131n bulunmas\u0131 \u201cVeri Sorumlusuna Ba\u015fvuru Usul ve Esaslar\u0131 Hakk\u0131nda Tebli\u011f\u201d uyar\u0131nca zorunludur. S\u00f6z konusu unsurlar\u0131 bar\u0131nd\u0131rmayan ba\u015fvurular U Lojistik taraf\u0131ndan reddedilecektir.<\/p>\n<p style=\"text-align: left;\"><strong>U LOJ\u0130ST\u0130K ANON\u0130M \u015e\u0130RKET\u0130<\/strong><\/p>\n<p>\n<\/div><div data-bb-version=\"5.2.8\" class=\"bt_bb_separator_v2 bt_bb_border_style_none bt_bb_top_spacing_none bt_bb_bottom_spacing_medium bt_bb_border_thickness_1 bt_bb_icon_size_normal bt_bb_text_size_normal bt_bb_separator_v2_without_content\" data-bt-override-class=\"{&quot;bt_bb_top_spacing_&quot;:{&quot;current_class&quot;:&quot;bt_bb_top_spacing_none&quot;,&quot;def&quot;:&quot;none&quot;},&quot;bt_bb_bottom_spacing_&quot;:{&quot;current_class&quot;:&quot;bt_bb_bottom_spacing_medium&quot;,&quot;def&quot;:&quot;medium&quot;},&quot;bt_bb_border_thickness_&quot;:{&quot;current_class&quot;:&quot;bt_bb_border_thickness_1&quot;,&quot;def&quot;:&quot;1&quot;},&quot;bt_bb_icon_size_&quot;:{&quot;current_class&quot;:&quot;bt_bb_icon_size_normal&quot;,&quot;def&quot;:&quot;normal&quot;},&quot;bt_bb_text_size_&quot;:{&quot;current_class&quot;:&quot;bt_bb_text_size_normal&quot;,&quot;def&quot;:&quot;normal&quot;},&quot;bt_bb_animation_&quot;:{&quot;current_class&quot;:&quot;bt_bb_animation_no_animation&quot;,&quot;def&quot;:&quot;no_animation&quot;}}\"><div class=\"bt_bb_separator_v2_inner\"><span class=\"bt_bb_separator_v2_inner_before\"><\/span><span class=\"bt_bb_separator_v2_inner_content\"><span  data-ico-=\"\" class=\"bt_bb_icon_holder\"><\/span><\/span><span class=\"bt_bb_separator_v2_inner_after\"><\/span><\/div><\/div><\/div><\/div><\/div><\/div><\/div><\/div><!-- cell_inner --><\/div><!-- cell --><\/div><!-- port --><\/section>","protected":false},"excerpt":{"rendered":"","protected":false},"author":1,"featured_media":0,"parent":0,"menu_order":0,"comment_status":"closed","ping_status":"closed","template":"","meta":{"footnotes":""},"class_list":["post-4345","page","type-page","status-publish","hentry"],"_links":{"self":[{"href":"https:\/\/logistics.eu\/en\/wp-json\/wp\/v2\/pages\/4345","targetHints":{"allow":["GET"]}}],"collection":[{"href":"https:\/\/logistics.eu\/en\/wp-json\/wp\/v2\/pages"}],"about":[{"href":"https:\/\/logistics.eu\/en\/wp-json\/wp\/v2\/types\/page"}],"author":[{"embeddable":true,"href":"https:\/\/logistics.eu\/en\/wp-json\/wp\/v2\/users\/1"}],"replies":[{"embeddable":true,"href":"https:\/\/logistics.eu\/en\/wp-json\/wp\/v2\/comments?post=4345"}],"version-history":[{"count":6,"href":"https:\/\/logistics.eu\/en\/wp-json\/wp\/v2\/pages\/4345\/revisions"}],"predecessor-version":[{"id":4354,"href":"https:\/\/logistics.eu\/en\/wp-json\/wp\/v2\/pages\/4345\/revisions\/4354"}],"wp:attachment":[{"href":"https:\/\/logistics.eu\/en\/wp-json\/wp\/v2\/media?parent=4345"}],"curies":[{"name":"wp","href":"https:\/\/api.w.org\/{rel}","templated":true}]}}